{"id":160,"date":"2025-07-20T23:11:01","date_gmt":"2025-07-20T23:11:01","guid":{"rendered":"https:\/\/limousinenservice-munchen.com\/?page_id=160"},"modified":"2025-07-21T00:24:25","modified_gmt":"2025-07-21T00:24:25","slug":"uber-uns","status":"publish","type":"page","link":"https:\/\/limousinenservice-munchen.com\/en\/uber-uns\/","title":{"rendered":"About Us"},"content":{"rendered":"<div data-elementor-type=\"wp-page\" data-elementor-id=\"160\" class=\"elementor elementor-160\" data-elementor-post-type=\"page\">\n\t\t\t\t<div class=\"elementor-element elementor-element-4715e14 e-flex e-con-boxed e-con e-parent\" data-id=\"4715e14\" data-element_type=\"container\" data-e-type=\"container\" data-settings=\"{&quot;background_background&quot;:&quot;classic&quot;}\">\n\t\t\t\t\t<div class=\"e-con-inner\">\n\t\t<div class=\"elementor-element elementor-element-2779487 e-con-full e-flex e-con e-child\" data-id=\"2779487\" data-element_type=\"container\" data-e-type=\"container\">\n\t\t\t\t<div class=\"elementor-element elementor-element-0ecf2c7 elementor-widget elementor-widget-heading\" data-id=\"0ecf2c7\" data-element_type=\"widget\" data-e-type=\"widget\" data-widget_type=\"heading.default\">\n\t\t\t\t\t<h1 class=\"elementor-heading-title elementor-size-default\">Limousine service Munich\n\n<\/h1>\t\t\t\t<\/div>\n\t\t\t\t<div class=\"elementor-element elementor-element-20a260f elementor-widget elementor-widget-heading\" data-id=\"20a260f\" data-element_type=\"widget\" data-e-type=\"widget\" data-widget_type=\"heading.default\">\n\t\t\t\t\t<p class=\"elementor-heading-title elementor-size-default\">Limousine service &amp; chauffeur service Munich\n<\/p>\t\t\t\t<\/div>\n\t\t\t\t<div class=\"elementor-element elementor-element-5023580 elementor-widget elementor-widget-button\" data-id=\"5023580\" data-element_type=\"widget\" data-e-type=\"widget\" data-widget_type=\"button.default\">\n\t\t\t\t\t\t\t\t\t\t<a class=\"elementor-button elementor-button-link elementor-size-sm\" href=\"#\">\n\t\t\t\t\t\t<span class=\"elementor-button-content-wrapper\">\n\t\t\t\t\t\t\t\t\t<span class=\"elementor-button-text\">Book now<\/span>\n\t\t\t\t\t<\/span>\n\t\t\t\t\t<\/a>\n\t\t\t\t\t\t\t\t<\/div>\n\t\t\t\t<\/div>\n\t\t\t\t\t<\/div>\n\t\t\t\t<\/div>\n\t\t<div class=\"elementor-element elementor-element-c44cb82 e-flex e-con-boxed e-con e-parent\" data-id=\"c44cb82\" data-element_type=\"container\" data-e-type=\"container\" data-settings=\"{&quot;background_background&quot;:&quot;classic&quot;}\">\n\t\t\t\t\t<div class=\"e-con-inner\">\n\t\t\t\t<div class=\"elementor-element elementor-element-00060c6 elementor-widget elementor-widget-spacer\" data-id=\"00060c6\" data-element_type=\"widget\" data-e-type=\"widget\" data-widget_type=\"spacer.default\">\n\t\t\t\t\t\t\t<div class=\"elementor-spacer\">\n\t\t\t<div class=\"elementor-spacer-inner\"><\/div>\n\t\t<\/div>\n\t\t\t\t\t\t<\/div>\n\t\t\t\t\t<\/div>\n\t\t\t\t<\/div>\n\t\t<div class=\"elementor-element elementor-element-4cbc5bc e-flex e-con-boxed e-con e-parent\" data-id=\"4cbc5bc\" data-element_type=\"container\" data-e-type=\"container\" data-settings=\"{&quot;background_background&quot;:&quot;classic&quot;,&quot;shape_divider_top&quot;:&quot;opacity-fan&quot;}\">\n\t\t\t\t\t<div class=\"e-con-inner\">\n\t\t\t\t<div class=\"elementor-shape elementor-shape-top\" aria-hidden=\"true\" data-negative=\"false\">\n\t\t\t<svg xmlns=\"http:\/\/www.w3.org\/2000\/svg\" viewbox=\"0 0 283.5 19.6\" preserveaspectratio=\"none\">\n\t<path class=\"elementor-shape-fill\" style=\"opacity:0.33\" d=\"M0 0L0 18.8 141.8 4.1 283.5 18.8 283.5 0z\"\/>\n\t<path class=\"elementor-shape-fill\" style=\"opacity:0.33\" d=\"M0 0L0 12.6 141.8 4 283.5 12.6 283.5 0z\"\/>\n\t<path class=\"elementor-shape-fill\" style=\"opacity:0.33\" d=\"M0 0L0 6.4 141.8 4 283.5 6.4 283.5 0z\"\/>\n\t<path class=\"elementor-shape-fill\" d=\"M0 0L0 1.2 141.8 4 283.5 1.2 283.5 0z\"\/>\n<\/svg>\t\t<\/div>\n\t\t<div class=\"elementor-element elementor-element-e79f9ed e-con-full e-flex e-con e-child\" data-id=\"e79f9ed\" data-element_type=\"container\" data-e-type=\"container\">\n\t\t\t\t<div class=\"elementor-element elementor-element-bb3ec62 elementor-invisible elementor-widget elementor-widget-heading\" data-id=\"bb3ec62\" data-element_type=\"widget\" data-e-type=\"widget\" data-settings=\"{&quot;_animation&quot;:&quot;fadeInLeft&quot;}\" data-widget_type=\"heading.default\">\n\t\t\t\t\t<h2 class=\"elementor-heading-title elementor-size-default\">ABOUT US<\/h2>\t\t\t\t<\/div>\n\t\t\t\t<div class=\"elementor-element elementor-element-980c478 elementor-widget elementor-widget-button\" data-id=\"980c478\" data-element_type=\"widget\" data-e-type=\"widget\" data-widget_type=\"button.default\">\n\t\t\t\t\t\t\t\t\t\t<a class=\"elementor-button elementor-button-link elementor-size-sm\" href=\"#\">\n\t\t\t\t\t\t<span class=\"elementor-button-content-wrapper\">\n\t\t\t\t\t\t\t\t\t<span class=\"elementor-button-text\">Book now<\/span>\n\t\t\t\t\t<\/span>\n\t\t\t\t\t<\/a>\n\t\t\t\t\t\t\t\t<\/div>\n\t\t\t\t<\/div>\n\t\t<div class=\"elementor-element elementor-element-5fe2baf e-con-full e-flex e-con e-child\" data-id=\"5fe2baf\" data-element_type=\"container\" data-e-type=\"container\">\n\t\t\t\t<div class=\"elementor-element elementor-element-dfb2363 elementor-invisible elementor-widget elementor-widget-text-editor\" data-id=\"dfb2363\" data-element_type=\"widget\" data-e-type=\"widget\" data-settings=\"{&quot;_animation&quot;:&quot;fadeInRight&quot;}\" data-widget_type=\"text-editor.default\">\n\t\t\t\t\t\t\t\t\t<p class=\"translation-block\"><strong>Founded in 2008<\/strong>, <a href=\"https:\/\/limousinenservice-munchen.com\/en\/en \/\" target=\"_self\"><strong>Limousine Service Munich\n\n\n\n<\/strong><\/a> as one of the leading providers of luxury driving services in <a href=\"https:\/\/en.wikipedia.org\/wiki\/Munich \" target=\"_self\"><strong>Munich<\/strong><\/a> and established the whole of Bavaria. To date \u2013 in 2025 - we have served countless satisfied customers: from international business travelers to wedding parties to celebrities and VIP guests.<\/p><p>Our goal is to offer far more than just a ride. We create an experience \u2013 characterized by the highest level of comfort, safety, and professionalism. Our chauffeurs are not only excellently trained but also true hosts on four wheels.<\/p>\t\t\t\t\t\t\t\t<\/div>\n\t\t\t\t<div class=\"elementor-element elementor-element-7dd17df elementor-widget elementor-widget-spacer\" data-id=\"7dd17df\" data-element_type=\"widget\" data-e-type=\"widget\" data-widget_type=\"spacer.default\">\n\t\t\t\t\t\t\t<div class=\"elementor-spacer\">\n\t\t\t<div class=\"elementor-spacer-inner\"><\/div>\n\t\t<\/div>\n\t\t\t\t\t\t<\/div>\n\t\t<div class=\"elementor-element elementor-element-61a3558 e-con-full e-flex e-con e-child\" data-id=\"61a3558\" data-element_type=\"container\" data-e-type=\"container\">\n\t\t<div class=\"elementor-element elementor-element-f25f65d e-con-full e-flex elementor-invisible e-con e-child\" data-id=\"f25f65d\" data-element_type=\"container\" data-e-type=\"container\" data-settings=\"{&quot;animation&quot;:&quot;fadeInLeft&quot;}\">\n\t\t\t\t<div class=\"elementor-element elementor-element-5d107f9 counter elementor-widget elementor-widget-counter\" data-id=\"5d107f9\" data-element_type=\"widget\" data-e-type=\"widget\" data-widget_type=\"counter.default\">\n\t\t\t\t\t\t\t<div class=\"elementor-counter\">\n\t\t\t<div class=\"elementor-counter-title\">Years<\/div>\t\t\t<div class=\"elementor-counter-number-wrapper\">\n\t\t\t\t<span class=\"elementor-counter-number-prefix\">0<\/span>\n\t\t\t\t<span class=\"elementor-counter-number\" data-duration=\"2000\" data-to-value=\"17\" data-from-value=\"0\">0<\/span>\n\t\t\t\t<span class=\"elementor-counter-number-suffix\"><\/span>\n\t\t\t<\/div>\n\t\t<\/div>\n\t\t\t\t\t\t<\/div>\n\t\t\t\t<div class=\"elementor-element elementor-element-40aabbd elementor-widget elementor-widget-spacer\" data-id=\"40aabbd\" data-element_type=\"widget\" data-e-type=\"widget\" data-widget_type=\"spacer.default\">\n\t\t\t\t\t\t\t<div class=\"elementor-spacer\">\n\t\t\t<div class=\"elementor-spacer-inner\"><\/div>\n\t\t<\/div>\n\t\t\t\t\t\t<\/div>\n\t\t\t\t<div class=\"elementor-element elementor-element-19680e0 elementor-widget elementor-widget-heading\" data-id=\"19680e0\" data-element_type=\"widget\" data-e-type=\"widget\" data-widget_type=\"heading.default\">\n\t\t\t\t\t<h4 class=\"elementor-heading-title elementor-size-default\">erfahren<\/h4>\t\t\t\t<\/div>\n\t\t\t\t<div class=\"elementor-element elementor-element-5ad2660 elementor-widget__width-initial elementor-absolute elementor-widget elementor-widget-spacer\" data-id=\"5ad2660\" data-element_type=\"widget\" data-e-type=\"widget\" data-settings=\"{&quot;_position&quot;:&quot;absolute&quot;}\" data-widget_type=\"spacer.default\">\n\t\t\t\t\t\t\t<div class=\"elementor-spacer\">\n\t\t\t<div class=\"elementor-spacer-inner\"><\/div>\n\t\t<\/div>\n\t\t\t\t\t\t<\/div>\n\t\t\t\t<\/div>\n\t\t<div class=\"elementor-element elementor-element-9b838fb e-con-full e-flex elementor-invisible e-con e-child\" data-id=\"9b838fb\" data-element_type=\"container\" data-e-type=\"container\" data-settings=\"{&quot;animation&quot;:&quot;fadeInUp&quot;}\">\n\t\t\t\t<div class=\"elementor-element elementor-element-09334f9 counter elementor-widget elementor-widget-counter\" data-id=\"09334f9\" data-element_type=\"widget\" data-e-type=\"widget\" data-widget_type=\"counter.default\">\n\t\t\t\t\t\t\t<div class=\"elementor-counter\">\n\t\t\t<div class=\"elementor-counter-title\">German cities<\/div>\t\t\t<div class=\"elementor-counter-number-wrapper\">\n\t\t\t\t<span class=\"elementor-counter-number-prefix\"><\/span>\n\t\t\t\t<span class=\"elementor-counter-number\" data-duration=\"2000\" data-to-value=\"18\" data-from-value=\"0\">0<\/span>\n\t\t\t\t<span class=\"elementor-counter-number-suffix\"><\/span>\n\t\t\t<\/div>\n\t\t<\/div>\n\t\t\t\t\t\t<\/div>\n\t\t\t\t<div class=\"elementor-element elementor-element-ef443ef elementor-widget elementor-widget-spacer\" data-id=\"ef443ef\" data-element_type=\"widget\" data-e-type=\"widget\" data-widget_type=\"spacer.default\">\n\t\t\t\t\t\t\t<div class=\"elementor-spacer\">\n\t\t\t<div class=\"elementor-spacer-inner\"><\/div>\n\t\t<\/div>\n\t\t\t\t\t\t<\/div>\n\t\t\t\t<div class=\"elementor-element elementor-element-c71eae4 elementor-widget elementor-widget-heading\" data-id=\"c71eae4\" data-element_type=\"widget\" data-e-type=\"widget\" data-widget_type=\"heading.default\">\n\t\t\t\t\t<h4 class=\"elementor-heading-title elementor-size-default\">Limousines<\/h4>\t\t\t\t<\/div>\n\t\t\t\t<div class=\"elementor-element elementor-element-fd2de3a elementor-widget__width-initial elementor-absolute elementor-widget elementor-widget-spacer\" data-id=\"fd2de3a\" data-element_type=\"widget\" data-e-type=\"widget\" data-settings=\"{&quot;_position&quot;:&quot;absolute&quot;}\" data-widget_type=\"spacer.default\">\n\t\t\t\t\t\t\t<div class=\"elementor-spacer\">\n\t\t\t<div class=\"elementor-spacer-inner\"><\/div>\n\t\t<\/div>\n\t\t\t\t\t\t<\/div>\n\t\t\t\t<\/div>\n\t\t<div class=\"elementor-element elementor-element-2f5c942 e-con-full e-flex elementor-invisible e-con e-child\" data-id=\"2f5c942\" data-element_type=\"container\" data-e-type=\"container\" data-settings=\"{&quot;animation&quot;:&quot;fadeInRight&quot;}\">\n\t\t\t\t<div class=\"elementor-element elementor-element-51e7030 counter elementor-widget elementor-widget-counter\" data-id=\"51e7030\" data-element_type=\"widget\" data-e-type=\"widget\" data-widget_type=\"counter.default\">\n\t\t\t\t\t\t\t<div class=\"elementor-counter\">\n\t\t\t<div class=\"elementor-counter-title\">chauffeurs<\/div>\t\t\t<div class=\"elementor-counter-number-wrapper\">\n\t\t\t\t<span class=\"elementor-counter-number-prefix\"><\/span>\n\t\t\t\t<span class=\"elementor-counter-number\" data-duration=\"2000\" data-to-value=\"50\" data-from-value=\"70\">70<\/span>\n\t\t\t\t<span class=\"elementor-counter-number-suffix\"><\/span>\n\t\t\t<\/div>\n\t\t<\/div>\n\t\t\t\t\t\t<\/div>\n\t\t\t\t<div class=\"elementor-element elementor-element-5f0c484 elementor-widget elementor-widget-spacer\" data-id=\"5f0c484\" data-element_type=\"widget\" data-e-type=\"widget\" data-widget_type=\"spacer.default\">\n\t\t\t\t\t\t\t<div class=\"elementor-spacer\">\n\t\t\t<div class=\"elementor-spacer-inner\"><\/div>\n\t\t<\/div>\n\t\t\t\t\t\t<\/div>\n\t\t\t\t<div class=\"elementor-element elementor-element-94abf13 elementor-widget elementor-widget-heading\" data-id=\"94abf13\" data-element_type=\"widget\" data-e-type=\"widget\" data-widget_type=\"heading.default\">\n\t\t\t\t\t<h4 class=\"elementor-heading-title elementor-size-default\">Over<\/h4>\t\t\t\t<\/div>\n\t\t\t\t<div class=\"elementor-element elementor-element-27f11fd elementor-widget__width-initial elementor-absolute elementor-widget elementor-widget-spacer\" data-id=\"27f11fd\" data-element_type=\"widget\" data-e-type=\"widget\" data-settings=\"{&quot;_position&quot;:&quot;absolute&quot;}\" data-widget_type=\"spacer.default\">\n\t\t\t\t\t\t\t<div class=\"elementor-spacer\">\n\t\t\t<div class=\"elementor-spacer-inner\"><\/div>\n\t\t<\/div>\n\t\t\t\t\t\t<\/div>\n\t\t\t\t<\/div>\n\t\t\t\t<\/div>\n\t\t\t\t<\/div>\n\t\t\t\t<div class=\"elementor-element elementor-element-de6638d elementor-absolute elementor-invisible elementor-widget elementor-widget-image\" data-id=\"de6638d\" data-element_type=\"widget\" data-e-type=\"widget\" data-settings=\"{&quot;_position&quot;:&quot;absolute&quot;,&quot;_animation&quot;:&quot;fadeIn&quot;}\" data-widget_type=\"image.default\">\n\t\t\t\t\t\t\t\t\t\t\t\t\t\t\t\t<a href=\"https:\/\/limousinenservice-munchen.com\/en\/\">\n\t\t\t\t\t\t\t<img fetchpriority=\"high\" decoding=\"async\" width=\"450\" height=\"475\" src=\"https:\/\/limousinenservice-munchen.com\/wp-content\/uploads\/2025\/07\/GLobal.png\" class=\"attachment-large size-large wp-image-79\" alt=\"Limousinenservice M\u00fcnchen\" srcset=\"https:\/\/limousinenservice-munchen.com\/wp-content\/uploads\/2025\/07\/GLobal.png 450w, https:\/\/limousinenservice-munchen.com\/wp-content\/uploads\/2025\/07\/GLobal-284x300.png 284w\" sizes=\"(max-width: 450px) 100vw, 450px\" \/>\t\t\t\t\t\t\t\t<\/a>\n\t\t\t\t\t\t\t\t\t\t\t\t\t\t\t<\/div>\n\t\t\t\t\t<\/div>\n\t\t\t\t<\/div>\n\t\t<div class=\"elementor-element elementor-element-b2ef968 e-flex e-con-boxed e-con e-parent\" data-id=\"b2ef968\" data-element_type=\"container\" data-e-type=\"container\" data-settings=\"{&quot;background_background&quot;:&quot;classic&quot;}\">\n\t\t\t\t\t<div class=\"e-con-inner\">\n\t\t\t\t<div class=\"elementor-element elementor-element-ece80bb elementor-widget elementor-widget-spacer\" data-id=\"ece80bb\" data-element_type=\"widget\" data-e-type=\"widget\" data-widget_type=\"spacer.default\">\n\t\t\t\t\t\t\t<div class=\"elementor-spacer\">\n\t\t\t<div class=\"elementor-spacer-inner\"><\/div>\n\t\t<\/div>\n\t\t\t\t\t\t<\/div>\n\t\t\t\t\t<\/div>\n\t\t\t\t<\/div>\n\t\t\t\t<\/div>","protected":false},"excerpt":{"rendered":"<p>Limousinenservice M\u00fcnchen Limousinenservice &amp; Chauffeurservice M\u00fcnchen Jetzt buchen \u00dcBER UNS Jetzt buchen Gegr\u00fcndet im Jahr 2008, hat sich Limousinenservice M\u00fcnchen als einer der f\u00fchrenden Anbieter f\u00fcr luxuri\u00f6se Fahrdienste in M\u00fcnchen und ganz Bayern etabliert. Bis heute \u2013 im Jahr 2025 \u2013 haben wir unz\u00e4hlige zufriedene Kunden betreut: von internationalen Gesch\u00e4ftsreisenden \u00fcber Hochzeitsgesellschaften bis hin zu [&hellip;]<\/p>\n","protected":false},"author":1,"featured_media":0,"parent":0,"menu_order":0,"comment_status":"closed","ping_status":"closed","template":"","meta":{"_monsterinsights_skip_tracking":false,"_monsterinsights_sitenote_active":false,"_monsterinsights_sitenote_note":"","_monsterinsights_sitenote_category":0,"_joinchat":[],"footnotes":""},"class_list":["post-160","page","type-page","status-publish","hentry"],"yoast_head":"<!-- This site is optimized with the Yoast SEO plugin v27.0 - https:\/\/yoast.com\/product\/yoast-seo-wordpress\/ -->\n<title>\u00dcber uns - Limousinenservice M\u00fcnchen<\/title>\n<meta name=\"robots\" content=\"index, follow, max-snippet:-1, max-image-preview:large, max-video-preview:-1\" \/>\n<link rel=\"canonical\" href=\"https:\/\/limousinenservice-munchen.com\/en\/uber-uns\/\" \/>\n<meta property=\"og:locale\" content=\"en_US\" \/>\n<meta property=\"og:type\" content=\"article\" \/>\n<meta property=\"og:title\" content=\"\u00dcber uns - Limousinenservice M\u00fcnchen\" \/>\n<meta property=\"og:description\" content=\"Limousinenservice M\u00fcnchen Limousinenservice &amp; Chauffeurservice M\u00fcnchen Jetzt buchen \u00dcBER UNS Jetzt buchen Gegr\u00fcndet im Jahr 2008, hat sich Limousinenservice M\u00fcnchen als einer der f\u00fchrenden Anbieter f\u00fcr luxuri\u00f6se Fahrdienste in M\u00fcnchen und ganz Bayern etabliert. Bis heute \u2013 im Jahr 2025 \u2013 haben wir unz\u00e4hlige zufriedene Kunden betreut: von internationalen Gesch\u00e4ftsreisenden \u00fcber Hochzeitsgesellschaften bis hin zu [&hellip;]\" \/>\n<meta property=\"og:url\" content=\"https:\/\/limousinenservice-munchen.com\/en\/uber-uns\/\" \/>\n<meta property=\"og:site_name\" content=\"Limousinenservice M\u00fcnchen\" \/>\n<meta property=\"article:modified_time\" content=\"2025-07-21T00:24:25+00:00\" \/>\n<meta property=\"og:image\" content=\"https:\/\/limousinenservice-munchen.com\/wp-content\/uploads\/2025\/07\/GLobal.png\" \/>\n<meta name=\"twitter:card\" content=\"summary_large_image\" \/>\n<meta name=\"twitter:label1\" content=\"Est. reading time\" \/>\n\t<meta name=\"twitter:data1\" content=\"1 minute\" \/>\n<script type=\"application\/ld+json\" class=\"yoast-schema-graph\">{\"@context\":\"https:\/\/schema.org\",\"@graph\":[{\"@type\":\"WebPage\",\"@id\":\"https:\/\/limousinenservice-munchen.com\/uber-uns\/\",\"url\":\"https:\/\/limousinenservice-munchen.com\/uber-uns\/\",\"name\":\"\u00dcber uns - Limousinenservice M\u00fcnchen\",\"isPartOf\":{\"@id\":\"https:\/\/limousinenservice-munchen.com\/#website\"},\"primaryImageOfPage\":{\"@id\":\"https:\/\/limousinenservice-munchen.com\/uber-uns\/#primaryimage\"},\"image\":{\"@id\":\"https:\/\/limousinenservice-munchen.com\/uber-uns\/#primaryimage\"},\"thumbnailUrl\":\"https:\/\/limousinenservice-munchen.com\/wp-content\/uploads\/2025\/07\/GLobal.png\",\"datePublished\":\"2025-07-20T23:11:01+00:00\",\"dateModified\":\"2025-07-21T00:24:25+00:00\",\"breadcrumb\":{\"@id\":\"https:\/\/limousinenservice-munchen.com\/uber-uns\/#breadcrumb\"},\"inLanguage\":\"en-US\",\"potentialAction\":[{\"@type\":\"ReadAction\",\"target\":[\"https:\/\/limousinenservice-munchen.com\/uber-uns\/\"]}]},{\"@type\":\"ImageObject\",\"inLanguage\":\"en-US\",\"@id\":\"https:\/\/limousinenservice-munchen.com\/uber-uns\/#primaryimage\",\"url\":\"https:\/\/limousinenservice-munchen.com\/wp-content\/uploads\/2025\/07\/GLobal.png\",\"contentUrl\":\"https:\/\/limousinenservice-munchen.com\/wp-content\/uploads\/2025\/07\/GLobal.png\"},{\"@type\":\"BreadcrumbList\",\"@id\":\"https:\/\/limousinenservice-munchen.com\/uber-uns\/#breadcrumb\",\"itemListElement\":[{\"@type\":\"ListItem\",\"position\":1,\"name\":\"Home\",\"item\":\"https:\/\/limousinenservice-munchen.com\/\"},{\"@type\":\"ListItem\",\"position\":2,\"name\":\"\u00dcber uns\"}]},{\"@type\":\"WebSite\",\"@id\":\"https:\/\/limousinenservice-munchen.com\/#website\",\"url\":\"https:\/\/limousinenservice-munchen.com\/\",\"name\":\"Limousinenservice M\u00fcnchen\",\"description\":\"Limousinenservice &amp; Chauffeurservice M\u00fcnchen\",\"potentialAction\":[{\"@type\":\"SearchAction\",\"target\":{\"@type\":\"EntryPoint\",\"urlTemplate\":\"https:\/\/limousinenservice-munchen.com\/?s={search_term_string}\"},\"query-input\":{\"@type\":\"PropertyValueSpecification\",\"valueRequired\":true,\"valueName\":\"search_term_string\"}}],\"inLanguage\":\"en-US\"}]}<\/script>\n<!-- \/ Yoast SEO plugin. -->","yoast_head_json":{"title":"\u00dcber uns - Limousinenservice M\u00fcnchen","robots":{"index":"index","follow":"follow","max-snippet":"max-snippet:-1","max-image-preview":"max-image-preview:large","max-video-preview":"max-video-preview:-1"},"canonical":"https:\/\/limousinenservice-munchen.com\/en\/uber-uns\/","og_locale":"en_US","og_type":"article","og_title":"\u00dcber uns - Limousinenservice M\u00fcnchen","og_description":"Limousinenservice M\u00fcnchen Limousinenservice &amp; Chauffeurservice M\u00fcnchen Jetzt buchen \u00dcBER UNS Jetzt buchen Gegr\u00fcndet im Jahr 2008, hat sich Limousinenservice M\u00fcnchen als einer der f\u00fchrenden Anbieter f\u00fcr luxuri\u00f6se Fahrdienste in M\u00fcnchen und ganz Bayern etabliert. Bis heute \u2013 im Jahr 2025 \u2013 haben wir unz\u00e4hlige zufriedene Kunden betreut: von internationalen Gesch\u00e4ftsreisenden \u00fcber Hochzeitsgesellschaften bis hin zu [&hellip;]","og_url":"https:\/\/limousinenservice-munchen.com\/en\/uber-uns\/","og_site_name":"Limousinenservice M\u00fcnchen","article_modified_time":"2025-07-21T00:24:25+00:00","og_image":[{"url":"https:\/\/limousinenservice-munchen.com\/wp-content\/uploads\/2025\/07\/GLobal.png","type":"","width":"","height":""}],"twitter_card":"summary_large_image","twitter_misc":{"Est. reading time":"1 minute"},"schema":{"@context":"https:\/\/schema.org","@graph":[{"@type":"WebPage","@id":"https:\/\/limousinenservice-munchen.com\/uber-uns\/","url":"https:\/\/limousinenservice-munchen.com\/uber-uns\/","name":"\u00dcber uns - Limousinenservice M\u00fcnchen","isPartOf":{"@id":"https:\/\/limousinenservice-munchen.com\/#website"},"primaryImageOfPage":{"@id":"https:\/\/limousinenservice-munchen.com\/uber-uns\/#primaryimage"},"image":{"@id":"https:\/\/limousinenservice-munchen.com\/uber-uns\/#primaryimage"},"thumbnailUrl":"https:\/\/limousinenservice-munchen.com\/wp-content\/uploads\/2025\/07\/GLobal.png","datePublished":"2025-07-20T23:11:01+00:00","dateModified":"2025-07-21T00:24:25+00:00","breadcrumb":{"@id":"https:\/\/limousinenservice-munchen.com\/uber-uns\/#breadcrumb"},"inLanguage":"en-US","potentialAction":[{"@type":"ReadAction","target":["https:\/\/limousinenservice-munchen.com\/uber-uns\/"]}]},{"@type":"ImageObject","inLanguage":"en-US","@id":"https:\/\/limousinenservice-munchen.com\/uber-uns\/#primaryimage","url":"https:\/\/limousinenservice-munchen.com\/wp-content\/uploads\/2025\/07\/GLobal.png","contentUrl":"https:\/\/limousinenservice-munchen.com\/wp-content\/uploads\/2025\/07\/GLobal.png"},{"@type":"BreadcrumbList","@id":"https:\/\/limousinenservice-munchen.com\/uber-uns\/#breadcrumb","itemListElement":[{"@type":"ListItem","position":1,"name":"Home","item":"https:\/\/limousinenservice-munchen.com\/"},{"@type":"ListItem","position":2,"name":"\u00dcber uns"}]},{"@type":"WebSite","@id":"https:\/\/limousinenservice-munchen.com\/#website","url":"https:\/\/limousinenservice-munchen.com\/","name":"Limousine service Munich","description":"Limousine service &amp; chauffeur service Munich","potentialAction":[{"@type":"SearchAction","target":{"@type":"EntryPoint","urlTemplate":"https:\/\/limousinenservice-munchen.com\/?s={search_term_string}"},"query-input":{"@type":"PropertyValueSpecification","valueRequired":true,"valueName":"search_term_string"}}],"inLanguage":"en-US"}]}},"_links":{"self":[{"href":"https:\/\/limousinenservice-munchen.com\/en\/wp-json\/wp\/v2\/pages\/160","targetHints":{"allow":["GET"]}}],"collection":[{"href":"https:\/\/limousinenservice-munchen.com\/en\/wp-json\/wp\/v2\/pages"}],"about":[{"href":"https:\/\/limousinenservice-munchen.com\/en\/wp-json\/wp\/v2\/types\/page"}],"author":[{"embeddable":true,"href":"https:\/\/limousinenservice-munchen.com\/en\/wp-json\/wp\/v2\/users\/1"}],"replies":[{"embeddable":true,"href":"https:\/\/limousinenservice-munchen.com\/en\/wp-json\/wp\/v2\/comments?post=160"}],"version-history":[{"count":4,"href":"https:\/\/limousinenservice-munchen.com\/en\/wp-json\/wp\/v2\/pages\/160\/revisions"}],"predecessor-version":[{"id":179,"href":"https:\/\/limousinenservice-munchen.com\/en\/wp-json\/wp\/v2\/pages\/160\/revisions\/179"}],"wp:attachment":[{"href":"https:\/\/limousinenservice-munchen.com\/en\/wp-json\/wp\/v2\/media?parent=160"}],"curies":[{"name":"wp","href":"https:\/\/api.w.org\/{rel}","templated":true}]}}